{"id":4894,"date":"2024-07-11T10:04:36","date_gmt":"2024-07-11T08:04:36","guid":{"rendered":"https:\/\/mucbo.org\/servicios\/lloguer-despais\/"},"modified":"2025-03-11T13:14:21","modified_gmt":"2025-03-11T11:14:21","slug":"alquiler-de-espacios","status":"publish","type":"page","link":"https:\/\/mucbo.org\/es\/servicios\/alquiler-de-espacios\/","title":{"rendered":"Alquiler de espacios"},"content":{"rendered":"","protected":false},"excerpt":{"rendered":"","protected":false},"author":1,"featured_media":0,"parent":4873,"menu_order":66,"comment_status":"closed","ping_status":"closed","template":"","meta":{"_acf_changed":false,"footnotes":""},"class_list":["post-4894","page","type-page","status-publish","hentry"],"acf":[],"yoast_head":"<!-- This site is optimized with the Yoast SEO plugin v24.2 - https:\/\/yoast.com\/wordpress\/plugins\/seo\/ -->\n<title>Alquiler de espacios | Eventos y otras actividades | MUCBO<\/title>\n<meta name=\"robots\" content=\"index, follow, max-snippet:-1, max-image-preview:large, max-video-preview:-1\" \/>\n<link rel=\"canonical\" href=\"https:\/\/mucbo.org\/es\/servicios\/alquiler-de-espacios\/\" \/>\n<meta property=\"og:locale\" content=\"es_ES\" \/>\n<meta property=\"og:type\" content=\"article\" \/>\n<meta property=\"og:title\" content=\"Alquiler de espacios | Eventos y otras actividades | MUCBO\" \/>\n<meta property=\"og:url\" content=\"https:\/\/mucbo.org\/es\/servicios\/alquiler-de-espacios\/\" \/>\n<meta property=\"og:site_name\" content=\"MUCBO\" \/>\n<meta property=\"article:modified_time\" content=\"2025-03-11T11:14:21+00:00\" \/>\n<meta name=\"twitter:card\" content=\"summary_large_image\" \/>\n<script type=\"application\/ld+json\" class=\"yoast-schema-graph\">{\"@context\":\"https:\/\/schema.org\",\"@graph\":[{\"@type\":\"WebPage\",\"@id\":\"https:\/\/mucbo.org\/es\/servicios\/alquiler-de-espacios\/\",\"url\":\"https:\/\/mucbo.org\/es\/servicios\/alquiler-de-espacios\/\",\"name\":\"Alquiler de espacios | Eventos y otras actividades | MUCBO\",\"isPartOf\":{\"@id\":\"https:\/\/mucbo.org\/es\/#website\"},\"datePublished\":\"2024-07-11T08:04:36+00:00\",\"dateModified\":\"2025-03-11T11:14:21+00:00\",\"breadcrumb\":{\"@id\":\"https:\/\/mucbo.org\/es\/servicios\/alquiler-de-espacios\/#breadcrumb\"},\"inLanguage\":\"es\",\"potentialAction\":[{\"@type\":\"ReadAction\",\"target\":[\"https:\/\/mucbo.org\/es\/servicios\/alquiler-de-espacios\/\"]}]},{\"@type\":\"BreadcrumbList\",\"@id\":\"https:\/\/mucbo.org\/es\/servicios\/alquiler-de-espacios\/#breadcrumb\",\"itemListElement\":[{\"@type\":\"ListItem\",\"position\":1,\"name\":\"Inicio\",\"item\":\"https:\/\/mucbo.org\/es\/\"},{\"@type\":\"ListItem\",\"position\":2,\"name\":\"Servicios\",\"item\":\"https:\/\/mucbo.org\/es\/servicios\/\"},{\"@type\":\"ListItem\",\"position\":3,\"name\":\"Alquiler de espacios\"}]},{\"@type\":\"WebSite\",\"@id\":\"https:\/\/mucbo.org\/es\/#website\",\"url\":\"https:\/\/mucbo.org\/es\/\",\"name\":\"MUCBO\",\"description\":\"Fundaci\u00f3 Jard\u00ed Bot\u00e0nic de S\u00f3ller - Museu Balear de Ci\u00e8ncies Naturals\",\"potentialAction\":[{\"@type\":\"SearchAction\",\"target\":{\"@type\":\"EntryPoint\",\"urlTemplate\":\"https:\/\/mucbo.org\/es\/?s={search_term_string}\"},\"query-input\":{\"@type\":\"PropertyValueSpecification\",\"valueRequired\":true,\"valueName\":\"search_term_string\"}}],\"inLanguage\":\"es\"}]}<\/script>\n<!-- \/ Yoast SEO plugin. -->","yoast_head_json":{"title":"Alquiler de espacios | Eventos y otras actividades | MUCBO","robots":{"index":"index","follow":"follow","max-snippet":"max-snippet:-1","max-image-preview":"max-image-preview:large","max-video-preview":"max-video-preview:-1"},"canonical":"https:\/\/mucbo.org\/es\/servicios\/alquiler-de-espacios\/","og_locale":"es_ES","og_type":"article","og_title":"Alquiler de espacios | Eventos y otras actividades | MUCBO","og_url":"https:\/\/mucbo.org\/es\/servicios\/alquiler-de-espacios\/","og_site_name":"MUCBO","article_modified_time":"2025-03-11T11:14:21+00:00","twitter_card":"summary_large_image","schema":{"@context":"https:\/\/schema.org","@graph":[{"@type":"WebPage","@id":"https:\/\/mucbo.org\/es\/servicios\/alquiler-de-espacios\/","url":"https:\/\/mucbo.org\/es\/servicios\/alquiler-de-espacios\/","name":"Alquiler de espacios | Eventos y otras actividades | MUCBO","isPartOf":{"@id":"https:\/\/mucbo.org\/es\/#website"},"datePublished":"2024-07-11T08:04:36+00:00","dateModified":"2025-03-11T11:14:21+00:00","breadcrumb":{"@id":"https:\/\/mucbo.org\/es\/servicios\/alquiler-de-espacios\/#breadcrumb"},"inLanguage":"es","potentialAction":[{"@type":"ReadAction","target":["https:\/\/mucbo.org\/es\/servicios\/alquiler-de-espacios\/"]}]},{"@type":"BreadcrumbList","@id":"https:\/\/mucbo.org\/es\/servicios\/alquiler-de-espacios\/#breadcrumb","itemListElement":[{"@type":"ListItem","position":1,"name":"Inicio","item":"https:\/\/mucbo.org\/es\/"},{"@type":"ListItem","position":2,"name":"Servicios","item":"https:\/\/mucbo.org\/es\/servicios\/"},{"@type":"ListItem","position":3,"name":"Alquiler de espacios"}]},{"@type":"WebSite","@id":"https:\/\/mucbo.org\/es\/#website","url":"https:\/\/mucbo.org\/es\/","name":"MUCBO","description":"Fundaci\u00f3 Jard\u00ed Bot\u00e0nic de S\u00f3ller - Museu Balear de Ci\u00e8ncies Naturals","potentialAction":[{"@type":"SearchAction","target":{"@type":"EntryPoint","urlTemplate":"https:\/\/mucbo.org\/es\/?s={search_term_string}"},"query-input":{"@type":"PropertyValueSpecification","valueRequired":true,"valueName":"search_term_string"}}],"inLanguage":"es"}]}},"_links":{"self":[{"href":"https:\/\/mucbo.org\/es\/wp-json\/wp\/v2\/pages\/4894","targetHints":{"allow":["GET"]}}],"collection":[{"href":"https:\/\/mucbo.org\/es\/wp-json\/wp\/v2\/pages"}],"about":[{"href":"https:\/\/mucbo.org\/es\/wp-json\/wp\/v2\/types\/page"}],"author":[{"embeddable":true,"href":"https:\/\/mucbo.org\/es\/wp-json\/wp\/v2\/users\/1"}],"replies":[{"embeddable":true,"href":"https:\/\/mucbo.org\/es\/wp-json\/wp\/v2\/comments?post=4894"}],"version-history":[{"count":5,"href":"https:\/\/mucbo.org\/es\/wp-json\/wp\/v2\/pages\/4894\/revisions"}],"predecessor-version":[{"id":6811,"href":"https:\/\/mucbo.org\/es\/wp-json\/wp\/v2\/pages\/4894\/revisions\/6811"}],"up":[{"embeddable":true,"href":"https:\/\/mucbo.org\/es\/wp-json\/wp\/v2\/pages\/4873"}],"wp:attachment":[{"href":"https:\/\/mucbo.org\/es\/wp-json\/wp\/v2\/media?parent=4894"}],"curies":[{"name":"wp","href":"https:\/\/api.w.org\/{rel}","templated":true}]}}