{"id":4826,"date":"2024-07-11T12:43:18","date_gmt":"2024-07-11T10:43:18","guid":{"rendered":"https:\/\/mucbo.org\/linies-de-recerca\/"},"modified":"2025-09-01T14:43:10","modified_gmt":"2025-09-01T12:43:10","slug":"lineas-de-investigacion","status":"publish","type":"page","link":"https:\/\/mucbo.org\/es\/lineas-de-investigacion\/","title":{"rendered":"L\u00edneas de investigaci\u00f3n"},"content":{"rendered":"<p>La investigaci\u00f3n cient\u00edfica siempre ha sido un aspecto de gran importancia para el Museo desde su constituci\u00f3n. Hist\u00f3ricamente, se han realizado estudios sobre karst y cuevas, hongos, foramin\u00edferos, crust\u00e1ceos (dec\u00e1podos e is\u00f3podos), cole\u00f3pteros crisom\u00e9lidos, quil\u00f3podos, fauna cavern\u00edcola, peces f\u00f3siles, etc. Actualmente, las principales l\u00edneas de investigaci\u00f3n son siete, que se enumeran a continuaci\u00f3n:<\/p><p><strong>Paleontolog\u00eda del P\u00e9rmico y Tri\u00e1sico de Baleares<\/strong>: Se investigan los ecosistemas de estos dos periodos geol\u00f3gicos, los ambientes que se desarrollaron y la flora y fauna que habitaba en ellos.<br>Investigadores: Rafel Matamales, Joan Garcia y Josep Ju\u00e1rez.<\/p><p><strong>Paleontolog\u00eda de moluscos de Mallorca<\/strong>: Se estudia la paleobiodiversidad de moluscos de diferentes periodos geol\u00f3gicos de Mallorca, especialmente: (1) ammonoideos del Cret\u00e1cico, (2) gaster\u00f3podos del Pale\u00f3geno y (3) gaster\u00f3podos y bivalvos del Plio-cuaternario. Tambi\u00e9n se analizan los ambientes en los que vivieron.<br>Investigadores: Josep Ju\u00e1rez, Rafel Matamales y Pere Miralles.<\/p><p><strong>Ecolog\u00eda de foramin\u00edferos<\/strong>: Se estudian los foramin\u00edferos f\u00f3siles y actuales, as\u00ed como la biota productora de carbonatos, sus aplicaciones ecol\u00f3gicas y paleoecol\u00f3gicas, con especial \u00e9nfasis en su utilidad como bioindicadores marinos, indicadores paleoambientales y de procesos sedimentarios en sistemas carbonatados.<br>Investigador: Guillem Mateu.<\/p><p><strong>Taxonom\u00eda y biodiversidad de crust\u00e1ceos actuales<\/strong>: Se estudia la faun\u00edstica y taxonom\u00eda de los is\u00f3podos terrestres (Crustacea: Isopoda: Oniscidea) de las regiones ibero-balear y norafricana. Tambi\u00e9n se investiga la biodiversidad de crust\u00e1ceos en las Islas Baleares, incluyendo ambientes marinos, de agua dulce y subterr\u00e1neos.<br>Investigador: Lluc Garcia.<\/p><p><strong>Geolog\u00eda de S\u00f3ller<\/strong>: Se lleva a cabo una cartograf\u00eda geol\u00f3gica de gran detalle del municipio de S\u00f3ller y regiones lim\u00edtrofes.<br>Investigador: Joan Arbona.<\/p><p><strong>Geolog\u00eda del Raiguer<\/strong>: Se realiza una cartograf\u00eda geol\u00f3gica detallada del municipio de Selva y zonas adyacentes.<br>Investigador: Pere Miralles.<\/p><p><strong>Hongos de las Islas Baleares<\/strong>: Se estudia la flora micol\u00f3gica balear, en colaboraci\u00f3n con diversos especialistas y aficionados. Cada a\u00f1o se llevan a cabo prospecciones en una zona diferente, y ya se han identificado unas 2.400 especies de hongos en las Islas Baleares, algunas nuevas a nivel mundial.<br>Investigador: Carles Constantino.<\/p>","protected":false},"excerpt":{"rendered":"<p>La investigaci\u00f3n cient\u00edfica siempre ha sido un aspecto de gran importancia para el Museo desde su constituci\u00f3n. Hist\u00f3ricamente, se han realizado estudios sobre karst y cuevas, hongos, foramin\u00edferos, crust\u00e1ceos (dec\u00e1podos e is\u00f3podos), cole\u00f3pteros crisom\u00e9lidos, quil\u00f3podos, fauna cavern\u00edcola, peces f\u00f3siles, etc. Actualmente, las principales l\u00edneas de investigaci\u00f3n son siete, que se enumeran a continuaci\u00f3n: Paleontolog\u00eda del [&hellip;]<\/p>\n","protected":false},"author":1,"featured_media":0,"parent":0,"menu_order":44,"comment_status":"closed","ping_status":"closed","template":"","meta":{"_acf_changed":false,"footnotes":""},"class_list":["post-4826","page","type-page","status-publish","hentry"],"acf":[],"yoast_head":"<!-- This site is optimized with the Yoast SEO plugin v24.2 - https:\/\/yoast.com\/wordpress\/plugins\/seo\/ -->\n<title>L\u00edneas de investigaci\u00f3n | MUCBO<\/title>\n<meta name=\"robots\" content=\"index, follow, max-snippet:-1, max-image-preview:large, max-video-preview:-1\" \/>\n<link rel=\"canonical\" href=\"https:\/\/mucbo.org\/es\/lineas-de-investigacion\/\" \/>\n<meta property=\"og:locale\" content=\"es_ES\" \/>\n<meta property=\"og:type\" content=\"article\" \/>\n<meta property=\"og:title\" content=\"L\u00edneas de investigaci\u00f3n | MUCBO\" \/>\n<meta property=\"og:description\" content=\"La investigaci\u00f3n cient\u00edfica siempre ha sido un aspecto de gran importancia para el Museo desde su constituci\u00f3n. Hist\u00f3ricamente, se han realizado estudios sobre karst y cuevas, hongos, foramin\u00edferos, crust\u00e1ceos (dec\u00e1podos e is\u00f3podos), cole\u00f3pteros crisom\u00e9lidos, quil\u00f3podos, fauna cavern\u00edcola, peces f\u00f3siles, etc. Actualmente, las principales l\u00edneas de investigaci\u00f3n son siete, que se enumeran a continuaci\u00f3n: Paleontolog\u00eda del [&hellip;]\" \/>\n<meta property=\"og:url\" content=\"https:\/\/mucbo.org\/es\/lineas-de-investigacion\/\" \/>\n<meta property=\"og:site_name\" content=\"MUCBO\" \/>\n<meta property=\"article:modified_time\" content=\"2025-09-01T12:43:10+00:00\" \/>\n<meta name=\"twitter:card\" content=\"summary_large_image\" \/>\n<meta name=\"twitter:label1\" content=\"Tiempo de lectura\" \/>\n\t<meta name=\"twitter:data1\" content=\"2 minutos\" \/>\n<script type=\"application\/ld+json\" class=\"yoast-schema-graph\">{\"@context\":\"https:\/\/schema.org\",\"@graph\":[{\"@type\":\"WebPage\",\"@id\":\"https:\/\/mucbo.org\/es\/lineas-de-investigacion\/\",\"url\":\"https:\/\/mucbo.org\/es\/lineas-de-investigacion\/\",\"name\":\"L\u00edneas de investigaci\u00f3n | MUCBO\",\"isPartOf\":{\"@id\":\"https:\/\/mucbo.org\/es\/#website\"},\"datePublished\":\"2024-07-11T10:43:18+00:00\",\"dateModified\":\"2025-09-01T12:43:10+00:00\",\"breadcrumb\":{\"@id\":\"https:\/\/mucbo.org\/es\/lineas-de-investigacion\/#breadcrumb\"},\"inLanguage\":\"es\",\"potentialAction\":[{\"@type\":\"ReadAction\",\"target\":[\"https:\/\/mucbo.org\/es\/lineas-de-investigacion\/\"]}]},{\"@type\":\"BreadcrumbList\",\"@id\":\"https:\/\/mucbo.org\/es\/lineas-de-investigacion\/#breadcrumb\",\"itemListElement\":[{\"@type\":\"ListItem\",\"position\":1,\"name\":\"Inicio\",\"item\":\"https:\/\/mucbo.org\/es\/\"},{\"@type\":\"ListItem\",\"position\":2,\"name\":\"L\u00edneas de investigaci\u00f3n\"}]},{\"@type\":\"WebSite\",\"@id\":\"https:\/\/mucbo.org\/es\/#website\",\"url\":\"https:\/\/mucbo.org\/es\/\",\"name\":\"MUCBO\",\"description\":\"Fundaci\u00f3 Jard\u00ed Bot\u00e0nic de S\u00f3ller - Museu Balear de Ci\u00e8ncies Naturals\",\"potentialAction\":[{\"@type\":\"SearchAction\",\"target\":{\"@type\":\"EntryPoint\",\"urlTemplate\":\"https:\/\/mucbo.org\/es\/?s={search_term_string}\"},\"query-input\":{\"@type\":\"PropertyValueSpecification\",\"valueRequired\":true,\"valueName\":\"search_term_string\"}}],\"inLanguage\":\"es\"}]}<\/script>\n<!-- \/ Yoast SEO plugin. -->","yoast_head_json":{"title":"L\u00edneas de investigaci\u00f3n | MUCBO","robots":{"index":"index","follow":"follow","max-snippet":"max-snippet:-1","max-image-preview":"max-image-preview:large","max-video-preview":"max-video-preview:-1"},"canonical":"https:\/\/mucbo.org\/es\/lineas-de-investigacion\/","og_locale":"es_ES","og_type":"article","og_title":"L\u00edneas de investigaci\u00f3n | MUCBO","og_description":"La investigaci\u00f3n cient\u00edfica siempre ha sido un aspecto de gran importancia para el Museo desde su constituci\u00f3n. Hist\u00f3ricamente, se han realizado estudios sobre karst y cuevas, hongos, foramin\u00edferos, crust\u00e1ceos (dec\u00e1podos e is\u00f3podos), cole\u00f3pteros crisom\u00e9lidos, quil\u00f3podos, fauna cavern\u00edcola, peces f\u00f3siles, etc. Actualmente, las principales l\u00edneas de investigaci\u00f3n son siete, que se enumeran a continuaci\u00f3n: Paleontolog\u00eda del [&hellip;]","og_url":"https:\/\/mucbo.org\/es\/lineas-de-investigacion\/","og_site_name":"MUCBO","article_modified_time":"2025-09-01T12:43:10+00:00","twitter_card":"summary_large_image","twitter_misc":{"Tiempo de lectura":"2 minutos"},"schema":{"@context":"https:\/\/schema.org","@graph":[{"@type":"WebPage","@id":"https:\/\/mucbo.org\/es\/lineas-de-investigacion\/","url":"https:\/\/mucbo.org\/es\/lineas-de-investigacion\/","name":"L\u00edneas de investigaci\u00f3n | MUCBO","isPartOf":{"@id":"https:\/\/mucbo.org\/es\/#website"},"datePublished":"2024-07-11T10:43:18+00:00","dateModified":"2025-09-01T12:43:10+00:00","breadcrumb":{"@id":"https:\/\/mucbo.org\/es\/lineas-de-investigacion\/#breadcrumb"},"inLanguage":"es","potentialAction":[{"@type":"ReadAction","target":["https:\/\/mucbo.org\/es\/lineas-de-investigacion\/"]}]},{"@type":"BreadcrumbList","@id":"https:\/\/mucbo.org\/es\/lineas-de-investigacion\/#breadcrumb","itemListElement":[{"@type":"ListItem","position":1,"name":"Inicio","item":"https:\/\/mucbo.org\/es\/"},{"@type":"ListItem","position":2,"name":"L\u00edneas de investigaci\u00f3n"}]},{"@type":"WebSite","@id":"https:\/\/mucbo.org\/es\/#website","url":"https:\/\/mucbo.org\/es\/","name":"MUCBO","description":"Fundaci\u00f3 Jard\u00ed Bot\u00e0nic de S\u00f3ller - Museu Balear de Ci\u00e8ncies Naturals","potentialAction":[{"@type":"SearchAction","target":{"@type":"EntryPoint","urlTemplate":"https:\/\/mucbo.org\/es\/?s={search_term_string}"},"query-input":{"@type":"PropertyValueSpecification","valueRequired":true,"valueName":"search_term_string"}}],"inLanguage":"es"}]}},"_links":{"self":[{"href":"https:\/\/mucbo.org\/es\/wp-json\/wp\/v2\/pages\/4826","targetHints":{"allow":["GET"]}}],"collection":[{"href":"https:\/\/mucbo.org\/es\/wp-json\/wp\/v2\/pages"}],"about":[{"href":"https:\/\/mucbo.org\/es\/wp-json\/wp\/v2\/types\/page"}],"author":[{"embeddable":true,"href":"https:\/\/mucbo.org\/es\/wp-json\/wp\/v2\/users\/1"}],"replies":[{"embeddable":true,"href":"https:\/\/mucbo.org\/es\/wp-json\/wp\/v2\/comments?post=4826"}],"version-history":[{"count":7,"href":"https:\/\/mucbo.org\/es\/wp-json\/wp\/v2\/pages\/4826\/revisions"}],"predecessor-version":[{"id":9024,"href":"https:\/\/mucbo.org\/es\/wp-json\/wp\/v2\/pages\/4826\/revisions\/9024"}],"wp:attachment":[{"href":"https:\/\/mucbo.org\/es\/wp-json\/wp\/v2\/media?parent=4826"}],"curies":[{"name":"wp","href":"https:\/\/api.w.org\/{rel}","templated":true}]}}