{"id":4736,"date":"2024-10-29T14:40:43","date_gmt":"2024-10-29T12:40:43","guid":{"rendered":"https:\/\/mucbo.org\/exposicions-jardi\/temporals\/"},"modified":"2025-03-10T14:45:59","modified_gmt":"2025-03-10T12:45:59","slug":"temporales","status":"publish","type":"page","link":"https:\/\/mucbo.org\/es\/exposicions-jardi\/temporales\/","title":{"rendered":"Temporales"},"content":{"rendered":"","protected":false},"excerpt":{"rendered":"","protected":false},"author":1,"featured_media":0,"parent":4470,"menu_order":30,"comment_status":"closed","ping_status":"closed","template":"","meta":{"_acf_changed":false,"footnotes":""},"class_list":["post-4736","page","type-page","status-publish","hentry"],"acf":[],"yoast_head":"<!-- This site is optimized with the Yoast SEO plugin v24.2 - https:\/\/yoast.com\/wordpress\/plugins\/seo\/ -->\n<title>Exposiciones temporales del Jard\u00edn Bot\u00e1nico de S\u00f3ller | MUCBO<\/title>\n<meta name=\"robots\" content=\"index, follow, max-snippet:-1, max-image-preview:large, max-video-preview:-1\" \/>\n<link rel=\"canonical\" href=\"https:\/\/mucbo.org\/es\/exposicions-jardi\/temporales\/\" \/>\n<meta property=\"og:locale\" content=\"es_ES\" \/>\n<meta property=\"og:type\" content=\"article\" \/>\n<meta property=\"og:title\" content=\"Exposiciones temporales del Jard\u00edn Bot\u00e1nico de S\u00f3ller | MUCBO\" \/>\n<meta property=\"og:url\" content=\"https:\/\/mucbo.org\/es\/exposicions-jardi\/temporales\/\" \/>\n<meta property=\"og:site_name\" content=\"MUCBO\" \/>\n<meta property=\"article:modified_time\" content=\"2025-03-10T12:45:59+00:00\" \/>\n<meta name=\"twitter:card\" content=\"summary_large_image\" \/>\n<script type=\"application\/ld+json\" class=\"yoast-schema-graph\">{\"@context\":\"https:\/\/schema.org\",\"@graph\":[{\"@type\":\"WebPage\",\"@id\":\"https:\/\/mucbo.org\/es\/exposicions-jardi\/temporales\/\",\"url\":\"https:\/\/mucbo.org\/es\/exposicions-jardi\/temporales\/\",\"name\":\"Exposiciones temporales del Jard\u00edn Bot\u00e1nico de S\u00f3ller | MUCBO\",\"isPartOf\":{\"@id\":\"https:\/\/mucbo.org\/es\/#website\"},\"datePublished\":\"2024-10-29T12:40:43+00:00\",\"dateModified\":\"2025-03-10T12:45:59+00:00\",\"breadcrumb\":{\"@id\":\"https:\/\/mucbo.org\/es\/exposicions-jardi\/temporales\/#breadcrumb\"},\"inLanguage\":\"es\",\"potentialAction\":[{\"@type\":\"ReadAction\",\"target\":[\"https:\/\/mucbo.org\/es\/exposicions-jardi\/temporales\/\"]}]},{\"@type\":\"BreadcrumbList\",\"@id\":\"https:\/\/mucbo.org\/es\/exposicions-jardi\/temporales\/#breadcrumb\",\"itemListElement\":[{\"@type\":\"ListItem\",\"position\":1,\"name\":\"Inicio\",\"item\":\"https:\/\/mucbo.org\/es\/\"},{\"@type\":\"ListItem\",\"position\":2,\"name\":\"Exposiciones Jard\u00edn\",\"item\":\"https:\/\/mucbo.org\/es\/exposicions-jardi\/\"},{\"@type\":\"ListItem\",\"position\":3,\"name\":\"Temporales\"}]},{\"@type\":\"WebSite\",\"@id\":\"https:\/\/mucbo.org\/es\/#website\",\"url\":\"https:\/\/mucbo.org\/es\/\",\"name\":\"MUCBO\",\"description\":\"Fundaci\u00f3 Jard\u00ed Bot\u00e0nic de S\u00f3ller - Museu Balear de Ci\u00e8ncies Naturals\",\"potentialAction\":[{\"@type\":\"SearchAction\",\"target\":{\"@type\":\"EntryPoint\",\"urlTemplate\":\"https:\/\/mucbo.org\/es\/?s={search_term_string}\"},\"query-input\":{\"@type\":\"PropertyValueSpecification\",\"valueRequired\":true,\"valueName\":\"search_term_string\"}}],\"inLanguage\":\"es\"}]}<\/script>\n<!-- \/ Yoast SEO plugin. -->","yoast_head_json":{"title":"Exposiciones temporales del Jard\u00edn Bot\u00e1nico de S\u00f3ller | MUCBO","robots":{"index":"index","follow":"follow","max-snippet":"max-snippet:-1","max-image-preview":"max-image-preview:large","max-video-preview":"max-video-preview:-1"},"canonical":"https:\/\/mucbo.org\/es\/exposicions-jardi\/temporales\/","og_locale":"es_ES","og_type":"article","og_title":"Exposiciones temporales del Jard\u00edn Bot\u00e1nico de S\u00f3ller | MUCBO","og_url":"https:\/\/mucbo.org\/es\/exposicions-jardi\/temporales\/","og_site_name":"MUCBO","article_modified_time":"2025-03-10T12:45:59+00:00","twitter_card":"summary_large_image","schema":{"@context":"https:\/\/schema.org","@graph":[{"@type":"WebPage","@id":"https:\/\/mucbo.org\/es\/exposicions-jardi\/temporales\/","url":"https:\/\/mucbo.org\/es\/exposicions-jardi\/temporales\/","name":"Exposiciones temporales del Jard\u00edn Bot\u00e1nico de S\u00f3ller | MUCBO","isPartOf":{"@id":"https:\/\/mucbo.org\/es\/#website"},"datePublished":"2024-10-29T12:40:43+00:00","dateModified":"2025-03-10T12:45:59+00:00","breadcrumb":{"@id":"https:\/\/mucbo.org\/es\/exposicions-jardi\/temporales\/#breadcrumb"},"inLanguage":"es","potentialAction":[{"@type":"ReadAction","target":["https:\/\/mucbo.org\/es\/exposicions-jardi\/temporales\/"]}]},{"@type":"BreadcrumbList","@id":"https:\/\/mucbo.org\/es\/exposicions-jardi\/temporales\/#breadcrumb","itemListElement":[{"@type":"ListItem","position":1,"name":"Inicio","item":"https:\/\/mucbo.org\/es\/"},{"@type":"ListItem","position":2,"name":"Exposiciones Jard\u00edn","item":"https:\/\/mucbo.org\/es\/exposicions-jardi\/"},{"@type":"ListItem","position":3,"name":"Temporales"}]},{"@type":"WebSite","@id":"https:\/\/mucbo.org\/es\/#website","url":"https:\/\/mucbo.org\/es\/","name":"MUCBO","description":"Fundaci\u00f3 Jard\u00ed Bot\u00e0nic de S\u00f3ller - Museu Balear de Ci\u00e8ncies Naturals","potentialAction":[{"@type":"SearchAction","target":{"@type":"EntryPoint","urlTemplate":"https:\/\/mucbo.org\/es\/?s={search_term_string}"},"query-input":{"@type":"PropertyValueSpecification","valueRequired":true,"valueName":"search_term_string"}}],"inLanguage":"es"}]}},"_links":{"self":[{"href":"https:\/\/mucbo.org\/es\/wp-json\/wp\/v2\/pages\/4736","targetHints":{"allow":["GET"]}}],"collection":[{"href":"https:\/\/mucbo.org\/es\/wp-json\/wp\/v2\/pages"}],"about":[{"href":"https:\/\/mucbo.org\/es\/wp-json\/wp\/v2\/types\/page"}],"author":[{"embeddable":true,"href":"https:\/\/mucbo.org\/es\/wp-json\/wp\/v2\/users\/1"}],"replies":[{"embeddable":true,"href":"https:\/\/mucbo.org\/es\/wp-json\/wp\/v2\/comments?post=4736"}],"version-history":[{"count":4,"href":"https:\/\/mucbo.org\/es\/wp-json\/wp\/v2\/pages\/4736\/revisions"}],"predecessor-version":[{"id":6779,"href":"https:\/\/mucbo.org\/es\/wp-json\/wp\/v2\/pages\/4736\/revisions\/6779"}],"up":[{"embeddable":true,"href":"https:\/\/mucbo.org\/es\/wp-json\/wp\/v2\/pages\/4470"}],"wp:attachment":[{"href":"https:\/\/mucbo.org\/es\/wp-json\/wp\/v2\/media?parent=4736"}],"curies":[{"name":"wp","href":"https:\/\/api.w.org\/{rel}","templated":true}]}}