{"id":5388,"date":"2024-09-26T12:49:55","date_gmt":"2024-09-26T10:49:55","guid":{"rendered":"https:\/\/mucbo.org\/serveis\/tenda-online\/uncategorized\/penjoll-gros-hyalinea\/"},"modified":"2024-09-26T12:49:55","modified_gmt":"2024-09-26T10:49:55","slug":"penjoll-gros-hyalinea","status":"publish","type":"product","link":"https:\/\/mucbo.org\/en\/services\/online-shop\/jewelry\/penjoll-gros-hyalinea\/","title":{"rendered":"Penjoll gros &#8211; Hyalinea"},"content":{"rendered":"<p>Lorem ipsum dolor sit amet, consectetur adipiscing elit. Suspendisse ornare suscipit lorem, in vulputate nisi tincidunt sed. Vivamus quis purus mi. Nunc ante purus, tristique sit amet purus vel, varius semper neque. Pellentesque sit amet est dictum, laoreet arcu id, iaculis libero. Morbi aliquam mauris at nunc finibus, nec mattis odio scelerisque. Donec quam mauris, suscipit efficitur lobortis non, aliquam eget sem. Fusce sed enim eu massa placerat euismod in id tellus. Ut at quam quis nisl tempus maximus ut a elit. Suspendisse ipsum ante, ornare at est in, elementum placerat lorem. Nullam ut diam ex. Aenean scelerisque tortor nulla, vulputate luctus leo gravida eu. Nam porttitor nunc nec enim sollicitudin viverra sit amet non neque. Praesent vel nunc lobortis tellus pulvinar sodales.<\/p>\n","protected":false},"excerpt":{"rendered":"<p>Lorem ipsum dolor sit amet, consectetur adipiscing elit. Suspendisse ornare suscipit lorem, in vulputate nisi tincidunt sed. Vivamus quis purus mi. Nunc ante purus, tristique sit amet purus vel, varius semper neque. Pellentesque sit amet est dictum, laoreet arcu id, iaculis libero. Morbi aliquam mauris at nunc finibus, nec mattis odio scelerisque. Donec quam mauris, [&hellip;]<\/p>\n","protected":false},"featured_media":3949,"template":"","meta":{"_acf_changed":false},"product_cat":[195],"product_tag":[],"class_list":{"0":"post-5388","1":"product","2":"type-product","3":"status-publish","4":"has-post-thumbnail","6":"product_cat-jewelry","8":"first","9":"instock","10":"shipping-taxable","11":"purchasable","12":"product-type-simple"},"acf":[],"yoast_head":"<!-- This site is optimized with the Yoast SEO plugin v24.2 - https:\/\/yoast.com\/wordpress\/plugins\/seo\/ -->\n<title>Penjoll gros - Hyalinea - MUCBO<\/title>\n<meta name=\"robots\" content=\"index, follow, max-snippet:-1, max-image-preview:large, max-video-preview:-1\" \/>\n<link rel=\"canonical\" href=\"https:\/\/mucbo.org\/en\/services\/online-shop\/jewelry\/penjoll-gros-hyalinea\/\" \/>\n<meta property=\"og:locale\" content=\"en_US\" \/>\n<meta property=\"og:type\" content=\"article\" \/>\n<meta property=\"og:title\" content=\"Penjoll gros - Hyalinea - MUCBO\" \/>\n<meta property=\"og:description\" content=\"Lorem ipsum dolor sit amet, consectetur adipiscing elit. Suspendisse ornare suscipit lorem, in vulputate nisi tincidunt sed. Vivamus quis purus mi. Nunc ante purus, tristique sit amet purus vel, varius semper neque. Pellentesque sit amet est dictum, laoreet arcu id, iaculis libero. Morbi aliquam mauris at nunc finibus, nec mattis odio scelerisque. Donec quam mauris, [&hellip;]\" \/>\n<meta property=\"og:url\" content=\"https:\/\/mucbo.org\/en\/services\/online-shop\/jewelry\/penjoll-gros-hyalinea\/\" \/>\n<meta property=\"og:site_name\" content=\"MUCBO\" \/>\n<meta property=\"og:image\" content=\"https:\/\/mucbo.org\/wp-content\/uploads\/Hyalinea-Penjoll-gros.jpg\" \/>\n\t<meta property=\"og:image:width\" content=\"1600\" \/>\n\t<meta property=\"og:image:height\" content=\"902\" \/>\n\t<meta property=\"og:image:type\" content=\"image\/jpeg\" \/>\n<meta name=\"twitter:card\" content=\"summary_large_image\" \/>\n<meta name=\"twitter:label1\" content=\"Est. reading time\" \/>\n\t<meta name=\"twitter:data1\" content=\"1 minute\" \/>\n<script type=\"application\/ld+json\" class=\"yoast-schema-graph\">{\"@context\":\"https:\/\/schema.org\",\"@graph\":[{\"@type\":\"WebPage\",\"@id\":\"https:\/\/mucbo.org\/en\/services\/online-shop\/jewelry\/penjoll-gros-hyalinea\/\",\"url\":\"https:\/\/mucbo.org\/en\/services\/online-shop\/jewelry\/penjoll-gros-hyalinea\/\",\"name\":\"Penjoll gros - Hyalinea - MUCBO\",\"isPartOf\":{\"@id\":\"https:\/\/mucbo.org\/en\/#website\"},\"primaryImageOfPage\":{\"@id\":\"https:\/\/mucbo.org\/en\/services\/online-shop\/jewelry\/penjoll-gros-hyalinea\/#primaryimage\"},\"image\":{\"@id\":\"https:\/\/mucbo.org\/en\/services\/online-shop\/jewelry\/penjoll-gros-hyalinea\/#primaryimage\"},\"thumbnailUrl\":\"https:\/\/mucbo.org\/wp-content\/uploads\/Hyalinea-Penjoll-gros.jpg\",\"datePublished\":\"2024-09-26T10:49:55+00:00\",\"dateModified\":\"2024-09-26T10:49:55+00:00\",\"breadcrumb\":{\"@id\":\"https:\/\/mucbo.org\/en\/services\/online-shop\/jewelry\/penjoll-gros-hyalinea\/#breadcrumb\"},\"inLanguage\":\"en-US\",\"potentialAction\":[{\"@type\":\"ReadAction\",\"target\":[\"https:\/\/mucbo.org\/en\/services\/online-shop\/jewelry\/penjoll-gros-hyalinea\/\"]}]},{\"@type\":\"ImageObject\",\"inLanguage\":\"en-US\",\"@id\":\"https:\/\/mucbo.org\/en\/services\/online-shop\/jewelry\/penjoll-gros-hyalinea\/#primaryimage\",\"url\":\"https:\/\/mucbo.org\/wp-content\/uploads\/Hyalinea-Penjoll-gros.jpg\",\"contentUrl\":\"https:\/\/mucbo.org\/wp-content\/uploads\/Hyalinea-Penjoll-gros.jpg\",\"width\":1600,\"height\":902},{\"@type\":\"BreadcrumbList\",\"@id\":\"https:\/\/mucbo.org\/en\/services\/online-shop\/jewelry\/penjoll-gros-hyalinea\/#breadcrumb\",\"itemListElement\":[{\"@type\":\"ListItem\",\"position\":1,\"name\":\"Inicio\",\"item\":\"https:\/\/mucbo.org\/en\/\"},{\"@type\":\"ListItem\",\"position\":2,\"name\":\"Online Store\",\"item\":\"https:\/\/mucbo.org\/en\/services\/online-store\/\"},{\"@type\":\"ListItem\",\"position\":3,\"name\":\"Penjoll gros &#8211; Hyalinea\"}]},{\"@type\":\"WebSite\",\"@id\":\"https:\/\/mucbo.org\/en\/#website\",\"url\":\"https:\/\/mucbo.org\/en\/\",\"name\":\"MUCBO\",\"description\":\"Fundaci\u00f3 Jard\u00ed Bot\u00e0nic de S\u00f3ller - Museu Balear de Ci\u00e8ncies Naturals\",\"potentialAction\":[{\"@type\":\"SearchAction\",\"target\":{\"@type\":\"EntryPoint\",\"urlTemplate\":\"https:\/\/mucbo.org\/en\/?s={search_term_string}\"},\"query-input\":{\"@type\":\"PropertyValueSpecification\",\"valueRequired\":true,\"valueName\":\"search_term_string\"}}],\"inLanguage\":\"en-US\"}]}<\/script>\n<!-- \/ Yoast SEO plugin. -->","yoast_head_json":{"title":"Penjoll gros - Hyalinea - MUCBO","robots":{"index":"index","follow":"follow","max-snippet":"max-snippet:-1","max-image-preview":"max-image-preview:large","max-video-preview":"max-video-preview:-1"},"canonical":"https:\/\/mucbo.org\/en\/services\/online-shop\/jewelry\/penjoll-gros-hyalinea\/","og_locale":"en_US","og_type":"article","og_title":"Penjoll gros - Hyalinea - MUCBO","og_description":"Lorem ipsum dolor sit amet, consectetur adipiscing elit. Suspendisse ornare suscipit lorem, in vulputate nisi tincidunt sed. Vivamus quis purus mi. Nunc ante purus, tristique sit amet purus vel, varius semper neque. Pellentesque sit amet est dictum, laoreet arcu id, iaculis libero. Morbi aliquam mauris at nunc finibus, nec mattis odio scelerisque. Donec quam mauris, [&hellip;]","og_url":"https:\/\/mucbo.org\/en\/services\/online-shop\/jewelry\/penjoll-gros-hyalinea\/","og_site_name":"MUCBO","og_image":[{"width":1600,"height":902,"url":"https:\/\/mucbo.org\/wp-content\/uploads\/Hyalinea-Penjoll-gros.jpg","type":"image\/jpeg"}],"twitter_card":"summary_large_image","twitter_misc":{"Est. reading time":"1 minute"},"schema":{"@context":"https:\/\/schema.org","@graph":[{"@type":"WebPage","@id":"https:\/\/mucbo.org\/en\/services\/online-shop\/jewelry\/penjoll-gros-hyalinea\/","url":"https:\/\/mucbo.org\/en\/services\/online-shop\/jewelry\/penjoll-gros-hyalinea\/","name":"Penjoll gros - Hyalinea - MUCBO","isPartOf":{"@id":"https:\/\/mucbo.org\/en\/#website"},"primaryImageOfPage":{"@id":"https:\/\/mucbo.org\/en\/services\/online-shop\/jewelry\/penjoll-gros-hyalinea\/#primaryimage"},"image":{"@id":"https:\/\/mucbo.org\/en\/services\/online-shop\/jewelry\/penjoll-gros-hyalinea\/#primaryimage"},"thumbnailUrl":"https:\/\/mucbo.org\/wp-content\/uploads\/Hyalinea-Penjoll-gros.jpg","datePublished":"2024-09-26T10:49:55+00:00","dateModified":"2024-09-26T10:49:55+00:00","breadcrumb":{"@id":"https:\/\/mucbo.org\/en\/services\/online-shop\/jewelry\/penjoll-gros-hyalinea\/#breadcrumb"},"inLanguage":"en-US","potentialAction":[{"@type":"ReadAction","target":["https:\/\/mucbo.org\/en\/services\/online-shop\/jewelry\/penjoll-gros-hyalinea\/"]}]},{"@type":"ImageObject","inLanguage":"en-US","@id":"https:\/\/mucbo.org\/en\/services\/online-shop\/jewelry\/penjoll-gros-hyalinea\/#primaryimage","url":"https:\/\/mucbo.org\/wp-content\/uploads\/Hyalinea-Penjoll-gros.jpg","contentUrl":"https:\/\/mucbo.org\/wp-content\/uploads\/Hyalinea-Penjoll-gros.jpg","width":1600,"height":902},{"@type":"BreadcrumbList","@id":"https:\/\/mucbo.org\/en\/services\/online-shop\/jewelry\/penjoll-gros-hyalinea\/#breadcrumb","itemListElement":[{"@type":"ListItem","position":1,"name":"Inicio","item":"https:\/\/mucbo.org\/en\/"},{"@type":"ListItem","position":2,"name":"Online Store","item":"https:\/\/mucbo.org\/en\/services\/online-store\/"},{"@type":"ListItem","position":3,"name":"Penjoll gros &#8211; Hyalinea"}]},{"@type":"WebSite","@id":"https:\/\/mucbo.org\/en\/#website","url":"https:\/\/mucbo.org\/en\/","name":"MUCBO","description":"Fundaci\u00f3 Jard\u00ed Bot\u00e0nic de S\u00f3ller - Museu Balear de Ci\u00e8ncies Naturals","potentialAction":[{"@type":"SearchAction","target":{"@type":"EntryPoint","urlTemplate":"https:\/\/mucbo.org\/en\/?s={search_term_string}"},"query-input":{"@type":"PropertyValueSpecification","valueRequired":true,"valueName":"search_term_string"}}],"inLanguage":"en-US"}]}},"_links":{"self":[{"href":"https:\/\/mucbo.org\/en\/wp-json\/wp\/v2\/product\/5388","targetHints":{"allow":["GET"]}}],"collection":[{"href":"https:\/\/mucbo.org\/en\/wp-json\/wp\/v2\/product"}],"about":[{"href":"https:\/\/mucbo.org\/en\/wp-json\/wp\/v2\/types\/product"}],"wp:featuredmedia":[{"embeddable":true,"href":"https:\/\/mucbo.org\/en\/wp-json\/wp\/v2\/media\/3949"}],"wp:attachment":[{"href":"https:\/\/mucbo.org\/en\/wp-json\/wp\/v2\/media?parent=5388"}],"wp:term":[{"taxonomy":"product_cat","embeddable":true,"href":"https:\/\/mucbo.org\/en\/wp-json\/wp\/v2\/product_cat?post=5388"},{"taxonomy":"product_tag","embeddable":true,"href":"https:\/\/mucbo.org\/en\/wp-json\/wp\/v2\/product_tag?post=5388"}],"curies":[{"name":"wp","href":"https:\/\/api.w.org\/{rel}","templated":true}]}}