{"id":5340,"date":"2024-09-26T13:36:26","date_gmt":"2024-09-26T11:36:26","guid":{"rendered":"https:\/\/mucbo.org\/serveis\/tenda-online\/uncategorized\/lamina-colette-arum\/"},"modified":"2025-03-17T17:03:09","modified_gmt":"2025-03-17T15:03:09","slug":"lamina-colette-arum","status":"publish","type":"product","link":"https:\/\/mucbo.org\/en\/services\/online-shop\/illustrations\/lamina-colette-arum\/","title":{"rendered":"L\u00e0mina Colette &#8211; Arum"},"content":{"rendered":"<p>L\u00e0mina amb il\u00b7lustraci\u00f3 de Colette 25 cm x 35 cm.<\/p>\n","protected":false},"excerpt":{"rendered":"<p>L\u00e0mina amb il\u00b7lustraci\u00f3 de Colette 25 cm x 35 cm.<\/p>\n","protected":false},"featured_media":3995,"template":"","meta":{"_acf_changed":false},"product_cat":[194],"product_tag":[],"class_list":{"0":"post-5340","1":"product","2":"type-product","3":"status-publish","4":"has-post-thumbnail","6":"product_cat-illustrations","8":"first","9":"instock","10":"shipping-taxable","11":"purchasable","12":"product-type-simple"},"acf":[],"yoast_head":"<!-- This site is optimized with the Yoast SEO plugin v24.2 - https:\/\/yoast.com\/wordpress\/plugins\/seo\/ -->\n<title>L\u00e0mina Colette - Arum - MUCBO<\/title>\n<meta name=\"robots\" content=\"index, follow, max-snippet:-1, max-image-preview:large, max-video-preview:-1\" \/>\n<link rel=\"canonical\" href=\"https:\/\/mucbo.org\/en\/services\/online-shop\/illustrations\/lamina-colette-arum\/\" \/>\n<meta property=\"og:locale\" content=\"en_US\" \/>\n<meta property=\"og:type\" content=\"article\" \/>\n<meta property=\"og:title\" content=\"L\u00e0mina Colette - Arum - MUCBO\" \/>\n<meta property=\"og:description\" content=\"L\u00e0mina amb il\u00b7lustraci\u00f3 de Colette 25 cm x 35 cm.\" \/>\n<meta property=\"og:url\" content=\"https:\/\/mucbo.org\/en\/services\/online-shop\/illustrations\/lamina-colette-arum\/\" \/>\n<meta property=\"og:site_name\" content=\"MUCBO\" \/>\n<meta property=\"article:modified_time\" content=\"2025-03-17T15:03:09+00:00\" \/>\n<meta property=\"og:image\" content=\"https:\/\/mucbo.org\/wp-content\/uploads\/Lamina-Colette-Arum.jpg\" \/>\n\t<meta property=\"og:image:width\" content=\"1600\" \/>\n\t<meta property=\"og:image:height\" content=\"902\" \/>\n\t<meta property=\"og:image:type\" content=\"image\/jpeg\" \/>\n<meta name=\"twitter:card\" content=\"summary_large_image\" \/>\n<meta name=\"twitter:label1\" content=\"Est. reading time\" \/>\n\t<meta name=\"twitter:data1\" content=\"1 minute\" \/>\n<script type=\"application\/ld+json\" class=\"yoast-schema-graph\">{\"@context\":\"https:\/\/schema.org\",\"@graph\":[{\"@type\":\"WebPage\",\"@id\":\"https:\/\/mucbo.org\/en\/services\/online-shop\/illustrations\/lamina-colette-arum\/\",\"url\":\"https:\/\/mucbo.org\/en\/services\/online-shop\/illustrations\/lamina-colette-arum\/\",\"name\":\"L\u00e0mina Colette - Arum - MUCBO\",\"isPartOf\":{\"@id\":\"https:\/\/mucbo.org\/en\/#website\"},\"primaryImageOfPage\":{\"@id\":\"https:\/\/mucbo.org\/en\/services\/online-shop\/illustrations\/lamina-colette-arum\/#primaryimage\"},\"image\":{\"@id\":\"https:\/\/mucbo.org\/en\/services\/online-shop\/illustrations\/lamina-colette-arum\/#primaryimage\"},\"thumbnailUrl\":\"https:\/\/mucbo.org\/wp-content\/uploads\/Lamina-Colette-Arum.jpg\",\"datePublished\":\"2024-09-26T11:36:26+00:00\",\"dateModified\":\"2025-03-17T15:03:09+00:00\",\"breadcrumb\":{\"@id\":\"https:\/\/mucbo.org\/en\/services\/online-shop\/illustrations\/lamina-colette-arum\/#breadcrumb\"},\"inLanguage\":\"en-US\",\"potentialAction\":[{\"@type\":\"ReadAction\",\"target\":[\"https:\/\/mucbo.org\/en\/services\/online-shop\/illustrations\/lamina-colette-arum\/\"]}]},{\"@type\":\"ImageObject\",\"inLanguage\":\"en-US\",\"@id\":\"https:\/\/mucbo.org\/en\/services\/online-shop\/illustrations\/lamina-colette-arum\/#primaryimage\",\"url\":\"https:\/\/mucbo.org\/wp-content\/uploads\/Lamina-Colette-Arum.jpg\",\"contentUrl\":\"https:\/\/mucbo.org\/wp-content\/uploads\/Lamina-Colette-Arum.jpg\",\"width\":1600,\"height\":902},{\"@type\":\"BreadcrumbList\",\"@id\":\"https:\/\/mucbo.org\/en\/services\/online-shop\/illustrations\/lamina-colette-arum\/#breadcrumb\",\"itemListElement\":[{\"@type\":\"ListItem\",\"position\":1,\"name\":\"Inicio\",\"item\":\"https:\/\/mucbo.org\/en\/\"},{\"@type\":\"ListItem\",\"position\":2,\"name\":\"Online Store\",\"item\":\"https:\/\/mucbo.org\/en\/services\/online-store\/\"},{\"@type\":\"ListItem\",\"position\":3,\"name\":\"L\u00e0mina Colette &#8211; Arum\"}]},{\"@type\":\"WebSite\",\"@id\":\"https:\/\/mucbo.org\/en\/#website\",\"url\":\"https:\/\/mucbo.org\/en\/\",\"name\":\"MUCBO\",\"description\":\"Fundaci\u00f3 Jard\u00ed Bot\u00e0nic de S\u00f3ller - Museu Balear de Ci\u00e8ncies Naturals\",\"potentialAction\":[{\"@type\":\"SearchAction\",\"target\":{\"@type\":\"EntryPoint\",\"urlTemplate\":\"https:\/\/mucbo.org\/en\/?s={search_term_string}\"},\"query-input\":{\"@type\":\"PropertyValueSpecification\",\"valueRequired\":true,\"valueName\":\"search_term_string\"}}],\"inLanguage\":\"en-US\"}]}<\/script>\n<!-- \/ Yoast SEO plugin. -->","yoast_head_json":{"title":"L\u00e0mina Colette - Arum - MUCBO","robots":{"index":"index","follow":"follow","max-snippet":"max-snippet:-1","max-image-preview":"max-image-preview:large","max-video-preview":"max-video-preview:-1"},"canonical":"https:\/\/mucbo.org\/en\/services\/online-shop\/illustrations\/lamina-colette-arum\/","og_locale":"en_US","og_type":"article","og_title":"L\u00e0mina Colette - Arum - MUCBO","og_description":"L\u00e0mina amb il\u00b7lustraci\u00f3 de Colette 25 cm x 35 cm.","og_url":"https:\/\/mucbo.org\/en\/services\/online-shop\/illustrations\/lamina-colette-arum\/","og_site_name":"MUCBO","article_modified_time":"2025-03-17T15:03:09+00:00","og_image":[{"width":1600,"height":902,"url":"https:\/\/mucbo.org\/wp-content\/uploads\/Lamina-Colette-Arum.jpg","type":"image\/jpeg"}],"twitter_card":"summary_large_image","twitter_misc":{"Est. reading time":"1 minute"},"schema":{"@context":"https:\/\/schema.org","@graph":[{"@type":"WebPage","@id":"https:\/\/mucbo.org\/en\/services\/online-shop\/illustrations\/lamina-colette-arum\/","url":"https:\/\/mucbo.org\/en\/services\/online-shop\/illustrations\/lamina-colette-arum\/","name":"L\u00e0mina Colette - Arum - MUCBO","isPartOf":{"@id":"https:\/\/mucbo.org\/en\/#website"},"primaryImageOfPage":{"@id":"https:\/\/mucbo.org\/en\/services\/online-shop\/illustrations\/lamina-colette-arum\/#primaryimage"},"image":{"@id":"https:\/\/mucbo.org\/en\/services\/online-shop\/illustrations\/lamina-colette-arum\/#primaryimage"},"thumbnailUrl":"https:\/\/mucbo.org\/wp-content\/uploads\/Lamina-Colette-Arum.jpg","datePublished":"2024-09-26T11:36:26+00:00","dateModified":"2025-03-17T15:03:09+00:00","breadcrumb":{"@id":"https:\/\/mucbo.org\/en\/services\/online-shop\/illustrations\/lamina-colette-arum\/#breadcrumb"},"inLanguage":"en-US","potentialAction":[{"@type":"ReadAction","target":["https:\/\/mucbo.org\/en\/services\/online-shop\/illustrations\/lamina-colette-arum\/"]}]},{"@type":"ImageObject","inLanguage":"en-US","@id":"https:\/\/mucbo.org\/en\/services\/online-shop\/illustrations\/lamina-colette-arum\/#primaryimage","url":"https:\/\/mucbo.org\/wp-content\/uploads\/Lamina-Colette-Arum.jpg","contentUrl":"https:\/\/mucbo.org\/wp-content\/uploads\/Lamina-Colette-Arum.jpg","width":1600,"height":902},{"@type":"BreadcrumbList","@id":"https:\/\/mucbo.org\/en\/services\/online-shop\/illustrations\/lamina-colette-arum\/#breadcrumb","itemListElement":[{"@type":"ListItem","position":1,"name":"Inicio","item":"https:\/\/mucbo.org\/en\/"},{"@type":"ListItem","position":2,"name":"Online Store","item":"https:\/\/mucbo.org\/en\/services\/online-store\/"},{"@type":"ListItem","position":3,"name":"L\u00e0mina Colette &#8211; Arum"}]},{"@type":"WebSite","@id":"https:\/\/mucbo.org\/en\/#website","url":"https:\/\/mucbo.org\/en\/","name":"MUCBO","description":"Fundaci\u00f3 Jard\u00ed Bot\u00e0nic de S\u00f3ller - Museu Balear de Ci\u00e8ncies Naturals","potentialAction":[{"@type":"SearchAction","target":{"@type":"EntryPoint","urlTemplate":"https:\/\/mucbo.org\/en\/?s={search_term_string}"},"query-input":{"@type":"PropertyValueSpecification","valueRequired":true,"valueName":"search_term_string"}}],"inLanguage":"en-US"}]}},"_links":{"self":[{"href":"https:\/\/mucbo.org\/en\/wp-json\/wp\/v2\/product\/5340","targetHints":{"allow":["GET"]}}],"collection":[{"href":"https:\/\/mucbo.org\/en\/wp-json\/wp\/v2\/product"}],"about":[{"href":"https:\/\/mucbo.org\/en\/wp-json\/wp\/v2\/types\/product"}],"wp:featuredmedia":[{"embeddable":true,"href":"https:\/\/mucbo.org\/en\/wp-json\/wp\/v2\/media\/3995"}],"wp:attachment":[{"href":"https:\/\/mucbo.org\/en\/wp-json\/wp\/v2\/media?parent=5340"}],"wp:term":[{"taxonomy":"product_cat","embeddable":true,"href":"https:\/\/mucbo.org\/en\/wp-json\/wp\/v2\/product_cat?post=5340"},{"taxonomy":"product_tag","embeddable":true,"href":"https:\/\/mucbo.org\/en\/wp-json\/wp\/v2\/product_tag?post=5340"}],"curies":[{"name":"wp","href":"https:\/\/api.w.org\/{rel}","templated":true}]}}