{"id":4468,"date":"2024-10-29T13:37:28","date_gmt":"2024-10-29T11:37:28","guid":{"rendered":"https:\/\/mucbo.org\/exposicions-jardi\/"},"modified":"2025-03-20T14:37:02","modified_gmt":"2025-03-20T12:37:02","slug":"garden-exhibitions","status":"publish","type":"page","link":"https:\/\/mucbo.org\/en\/garden-exhibitions\/","title":{"rendered":"Garden Exhibitions"},"content":{"rendered":"","protected":false},"excerpt":{"rendered":"","protected":false},"author":1,"featured_media":0,"parent":0,"menu_order":17,"comment_status":"closed","ping_status":"closed","template":"","meta":{"_acf_changed":false,"footnotes":""},"class_list":["post-4468","page","type-page","status-publish","hentry"],"acf":[],"yoast_head":"<!-- This site is optimized with the Yoast SEO plugin v24.2 - https:\/\/yoast.com\/wordpress\/plugins\/seo\/ -->\n<title>Permanent and temporary exhibitions, Botanical Garden | MUCBO<\/title>\n<meta name=\"robots\" content=\"index, follow, max-snippet:-1, max-image-preview:large, max-video-preview:-1\" \/>\n<link rel=\"canonical\" href=\"https:\/\/mucbo.org\/en\/garden-exhibitions\/\" \/>\n<meta property=\"og:locale\" content=\"en_US\" \/>\n<meta property=\"og:type\" content=\"article\" \/>\n<meta property=\"og:title\" content=\"Permanent and temporary exhibitions, Botanical Garden | MUCBO\" \/>\n<meta property=\"og:url\" content=\"https:\/\/mucbo.org\/en\/garden-exhibitions\/\" \/>\n<meta property=\"og:site_name\" content=\"MUCBO\" \/>\n<meta property=\"article:modified_time\" content=\"2025-03-20T12:37:02+00:00\" \/>\n<meta name=\"twitter:card\" content=\"summary_large_image\" \/>\n<script type=\"application\/ld+json\" class=\"yoast-schema-graph\">{\"@context\":\"https:\/\/schema.org\",\"@graph\":[{\"@type\":\"WebPage\",\"@id\":\"https:\/\/mucbo.org\/en\/garden-exhibitions\/\",\"url\":\"https:\/\/mucbo.org\/en\/garden-exhibitions\/\",\"name\":\"Permanent and temporary exhibitions, Botanical Garden | MUCBO\",\"isPartOf\":{\"@id\":\"https:\/\/mucbo.org\/en\/#website\"},\"datePublished\":\"2024-10-29T11:37:28+00:00\",\"dateModified\":\"2025-03-20T12:37:02+00:00\",\"breadcrumb\":{\"@id\":\"https:\/\/mucbo.org\/en\/garden-exhibitions\/#breadcrumb\"},\"inLanguage\":\"en-US\",\"potentialAction\":[{\"@type\":\"ReadAction\",\"target\":[\"https:\/\/mucbo.org\/en\/garden-exhibitions\/\"]}]},{\"@type\":\"BreadcrumbList\",\"@id\":\"https:\/\/mucbo.org\/en\/garden-exhibitions\/#breadcrumb\",\"itemListElement\":[{\"@type\":\"ListItem\",\"position\":1,\"name\":\"Inicio\",\"item\":\"https:\/\/mucbo.org\/en\/\"},{\"@type\":\"ListItem\",\"position\":2,\"name\":\"Garden Exhibitions\"}]},{\"@type\":\"WebSite\",\"@id\":\"https:\/\/mucbo.org\/en\/#website\",\"url\":\"https:\/\/mucbo.org\/en\/\",\"name\":\"MUCBO\",\"description\":\"Fundaci\u00f3 Jard\u00ed Bot\u00e0nic de S\u00f3ller - Museu Balear de Ci\u00e8ncies Naturals\",\"potentialAction\":[{\"@type\":\"SearchAction\",\"target\":{\"@type\":\"EntryPoint\",\"urlTemplate\":\"https:\/\/mucbo.org\/en\/?s={search_term_string}\"},\"query-input\":{\"@type\":\"PropertyValueSpecification\",\"valueRequired\":true,\"valueName\":\"search_term_string\"}}],\"inLanguage\":\"en-US\"}]}<\/script>\n<!-- \/ Yoast SEO plugin. -->","yoast_head_json":{"title":"Permanent and temporary exhibitions, Botanical Garden | MUCBO","robots":{"index":"index","follow":"follow","max-snippet":"max-snippet:-1","max-image-preview":"max-image-preview:large","max-video-preview":"max-video-preview:-1"},"canonical":"https:\/\/mucbo.org\/en\/garden-exhibitions\/","og_locale":"en_US","og_type":"article","og_title":"Permanent and temporary exhibitions, Botanical Garden | MUCBO","og_url":"https:\/\/mucbo.org\/en\/garden-exhibitions\/","og_site_name":"MUCBO","article_modified_time":"2025-03-20T12:37:02+00:00","twitter_card":"summary_large_image","schema":{"@context":"https:\/\/schema.org","@graph":[{"@type":"WebPage","@id":"https:\/\/mucbo.org\/en\/garden-exhibitions\/","url":"https:\/\/mucbo.org\/en\/garden-exhibitions\/","name":"Permanent and temporary exhibitions, Botanical Garden | MUCBO","isPartOf":{"@id":"https:\/\/mucbo.org\/en\/#website"},"datePublished":"2024-10-29T11:37:28+00:00","dateModified":"2025-03-20T12:37:02+00:00","breadcrumb":{"@id":"https:\/\/mucbo.org\/en\/garden-exhibitions\/#breadcrumb"},"inLanguage":"en-US","potentialAction":[{"@type":"ReadAction","target":["https:\/\/mucbo.org\/en\/garden-exhibitions\/"]}]},{"@type":"BreadcrumbList","@id":"https:\/\/mucbo.org\/en\/garden-exhibitions\/#breadcrumb","itemListElement":[{"@type":"ListItem","position":1,"name":"Inicio","item":"https:\/\/mucbo.org\/en\/"},{"@type":"ListItem","position":2,"name":"Garden Exhibitions"}]},{"@type":"WebSite","@id":"https:\/\/mucbo.org\/en\/#website","url":"https:\/\/mucbo.org\/en\/","name":"MUCBO","description":"Fundaci\u00f3 Jard\u00ed Bot\u00e0nic de S\u00f3ller - Museu Balear de Ci\u00e8ncies Naturals","potentialAction":[{"@type":"SearchAction","target":{"@type":"EntryPoint","urlTemplate":"https:\/\/mucbo.org\/en\/?s={search_term_string}"},"query-input":{"@type":"PropertyValueSpecification","valueRequired":true,"valueName":"search_term_string"}}],"inLanguage":"en-US"}]}},"_links":{"self":[{"href":"https:\/\/mucbo.org\/en\/wp-json\/wp\/v2\/pages\/4468","targetHints":{"allow":["GET"]}}],"collection":[{"href":"https:\/\/mucbo.org\/en\/wp-json\/wp\/v2\/pages"}],"about":[{"href":"https:\/\/mucbo.org\/en\/wp-json\/wp\/v2\/types\/page"}],"author":[{"embeddable":true,"href":"https:\/\/mucbo.org\/en\/wp-json\/wp\/v2\/users\/1"}],"replies":[{"embeddable":true,"href":"https:\/\/mucbo.org\/en\/wp-json\/wp\/v2\/comments?post=4468"}],"version-history":[{"count":6,"href":"https:\/\/mucbo.org\/en\/wp-json\/wp\/v2\/pages\/4468\/revisions"}],"predecessor-version":[{"id":7354,"href":"https:\/\/mucbo.org\/en\/wp-json\/wp\/v2\/pages\/4468\/revisions\/7354"}],"wp:attachment":[{"href":"https:\/\/mucbo.org\/en\/wp-json\/wp\/v2\/media?parent=4468"}],"curies":[{"name":"wp","href":"https:\/\/api.w.org\/{rel}","templated":true}]}}